{"id":34,"date":"2020-06-21T21:04:48","date_gmt":"2020-06-21T19:04:48","guid":{"rendered":"https:\/\/skreien.lurt.no\/?post_type=product&#038;p=34"},"modified":"2025-05-21T16:34:39","modified_gmt":"2025-05-21T14:34:39","slug":"fisketur","status":"publish","type":"product","link":"https:\/\/skreienhavfiske.no\/en\/aktivitet\/fisketur\/","title":{"rendered":"Fisketur i Lofoten"},"content":{"rendered":"<h2>Bli med sk\u00f8yta Skreien p\u00e5 fisketur p\u00e5 feltet i Lofoten.<\/h2>\n<p>P\u00e5 turen fisker vi med opptil 10 havfiskestenger i gangen. Vi kan f\u00e5 torsk, sei, steinbit, uer, hyse, og av og til kan vi v\u00e6re heldige og f\u00e5r en kveite p\u00e5 kroken. P\u00e5 turen f\u00e5r vi ogs\u00e5 ofte oppleve hav\u00f8rna p\u00e5 n\u00e6rt hold.<\/p>\n<p>Fisket er viktig i Lofotens historie og lokalkjent skipper og mannskap guider og hjelper til p\u00e5 turen. Fisken du fanger kan du ta med hjem.<\/p>\n<p>For booking under skreifiske (februar, mars og april) ta kontakt gjennom mail: post@skreienhavfiske.no, kontaktskjema eller tlf: 91172218. Selv om solen skinner kan det bli kj\u00f8lig p\u00e5 havet. Godt skot\u00f8y anbefales, hansker og lue.<\/p>\n<p>Vi kan avslutte turen i Skrova hvor man kan ta en \u00f8yvandring p\u00e5 egen h\u00e5nd eller med lokalkjent guide. I Skrova kan du leie olabil eller \u00f8ysykkel. G\u00e5 p\u00e5 galleribes\u00f8k eller oppleve utend\u00f8rs kunstutstillinger rundt om p\u00e5 \u00f8ya. Lunsj p\u00e5 en av \u00f8yas restauranter anbefales.<\/p>\n<p>For mer informasjon, og\/eller booking av hele b\u00e5ten til privat tur, ring Leif 911 72 218 \/ eller Henning 405 54 006.<\/p>","protected":false},"excerpt":{"rendered":"<p>Opplev fantastiske Svolv\u00e6r og Skrova p\u00e5 fisketur sammen med erfarne skippere fra Lofoten.<\/p>","protected":false},"featured_media":350,"template":"","meta":{"site-sidebar-layout":"default","site-content-layout":"default","ast-site-content-layout":"default","site-content-style":"default","site-sidebar-style":"default","ast-global-header-display":"","ast-banner-title-visibility":"","ast-main-header-display":"","ast-hfb-above-header-display":"","ast-hfb-below-header-display":"","ast-hfb-mobile-header-display":"","site-post-title":"","ast-breadcrumbs-content":"","ast-featured-img":"","footer-sml-layout":"","theme-transparent-header-meta":"default","adv-header-id-meta":"","stick-header-meta":"default","header-above-stick-meta":"","header-main-stick-meta":"","header-below-stick-meta":"","astra-migrate-meta-layouts":"set","ast-page-background-enabled":"default","ast-page-background-meta":{"desktop":{"background-color":"","background-image":"","background-repeat":"repeat","background-position":"center center","background-size":"auto","background-attachment":"scroll","background-type":"","background-media":"","overlay-type":"","overlay-color":"","overlay-opacity":"","overlay-gradient":""},"tablet":{"background-color":"","background-image":"","background-repeat":"repeat","background-position":"center center","background-size":"auto","background-attachment":"scroll","background-type":"","background-media":"","overlay-type":"","overlay-color":"","overlay-opacity":"","overlay-gradient":""},"mobile":{"background-color":"","background-image":"","background-repeat":"repeat","background-position":"center center","background-size":"auto","background-attachment":"scroll","background-type":"","background-media":"","overlay-type":"","overlay-color":"","overlay-opacity":"","overlay-gradient":""}},"ast-content-background-meta":{"desktop":{"background-color":"var(--ast-global-color-5)","background-image":"","background-repeat":"repeat","background-position":"center center","background-size":"auto","background-attachment":"scroll","background-type":"","background-media":"","overlay-type":"","overlay-color":"","overlay-opacity":"","overlay-gradient":""},"tablet":{"background-color":"var(--ast-global-color-5)","background-image":"","background-repeat":"repeat","background-position":"center center","background-size":"auto","background-attachment":"scroll","background-type":"","background-media":"","overlay-type":"","overlay-color":"","overlay-opacity":"","overlay-gradient":""},"mobile":{"background-color":"var(--ast-global-color-5)","background-image":"","background-repeat":"repeat","background-position":"center center","background-size":"auto","background-attachment":"scroll","background-type":"","background-media":"","overlay-type":"","overlay-color":"","overlay-opacity":"","overlay-gradient":""}}},"product_brand":[],"product_cat":[17],"product_tag":[],"class_list":{"0":"post-34","1":"product","2":"type-product","3":"status-publish","4":"has-post-thumbnail","6":"product_cat-fisketurer","7":"desktop-align-left","8":"tablet-align-left","9":"mobile-align-left","11":"first","12":"instock","13":"virtual","14":"sold-individually","15":"purchasable","16":"product-type-booking"},"_links":{"self":[{"href":"https:\/\/skreienhavfiske.no\/en\/wp-json\/wp\/v2\/product\/34","targetHints":{"allow":["GET"]}}],"collection":[{"href":"https:\/\/skreienhavfiske.no\/en\/wp-json\/wp\/v2\/product"}],"about":[{"href":"https:\/\/skreienhavfiske.no\/en\/wp-json\/wp\/v2\/types\/product"}],"wp:featuredmedia":[{"embeddable":true,"href":"https:\/\/skreienhavfiske.no\/en\/wp-json\/wp\/v2\/media\/350"}],"wp:attachment":[{"href":"https:\/\/skreienhavfiske.no\/en\/wp-json\/wp\/v2\/media?parent=34"}],"wp:term":[{"taxonomy":"product_brand","embeddable":true,"href":"https:\/\/skreienhavfiske.no\/en\/wp-json\/wp\/v2\/product_brand?post=34"},{"taxonomy":"product_cat","embeddable":true,"href":"https:\/\/skreienhavfiske.no\/en\/wp-json\/wp\/v2\/product_cat?post=34"},{"taxonomy":"product_tag","embeddable":true,"href":"https:\/\/skreienhavfiske.no\/en\/wp-json\/wp\/v2\/product_tag?post=34"}],"curies":[{"name":"wp","href":"https:\/\/api.w.org\/{rel}","templated":true}]}}