{"id":31,"date":"2020-06-21T20:57:30","date_gmt":"2020-06-21T18:57:30","guid":{"rendered":"https:\/\/skreien.lurt.no\/?page_id=31"},"modified":"2020-07-13T13:43:53","modified_gmt":"2020-07-13T11:43:53","slug":"om-oss","status":"publish","type":"page","link":"https:\/\/skreienhavfiske.no\/en\/om-oss\/","title":{"rendered":"About us"},"content":{"rendered":"<div data-elementor-type=\"wp-page\" data-elementor-id=\"31\" class=\"elementor elementor-31\" data-elementor-post-type=\"page\">\n\t\t\t\t\t\t<section class=\"elementor-section elementor-top-section elementor-element elementor-element-9fab763 elementor-section-boxed elementor-section-height-default elementor-section-height-default\" data-id=\"9fab763\" data-element_type=\"section\">\n\t\t\t\t\t\t<div class=\"elementor-container elementor-column-gap-default\">\n\t\t\t\t\t<div class=\"elementor-column elementor-col-100 elementor-top-column elementor-element elementor-element-37867a4\" data-id=\"37867a4\" data-element_type=\"column\">\n\t\t\t<div class=\"elementor-widget-wrap elementor-element-populated\">\n\t\t\t\t\t\t<div class=\"elementor-element elementor-element-6a986d8 elementor-widget elementor-widget-heading\" data-id=\"6a986d8\" data-element_type=\"widget\" data-widget_type=\"heading.default\">\n\t\t\t\t<div class=\"elementor-widget-container\">\n\t\t\t\t\t<h2 class=\"elementor-heading-title elementor-size-default\"><h2 data-elementor-setting-key=\"title\" data-pen-placeholder=\"Skriv her...\" style=\"font-style: normal;text-transform: none\">About Skreien Havfiske <\/h2><\/h2>\t\t\t\t<\/div>\n\t\t\t\t<\/div>\n\t\t\t\t<div class=\"elementor-element elementor-element-a498cc4 elementor-widget elementor-widget-gallery\" data-id=\"a498cc4\" data-element_type=\"widget\" data-settings=\"{&quot;lazyload&quot;:&quot;yes&quot;,&quot;gallery_layout&quot;:&quot;grid&quot;,&quot;columns&quot;:4,&quot;columns_tablet&quot;:2,&quot;columns_mobile&quot;:1,&quot;gap&quot;:{&quot;unit&quot;:&quot;px&quot;,&quot;size&quot;:10,&quot;sizes&quot;:[]},&quot;gap_tablet&quot;:{&quot;unit&quot;:&quot;px&quot;,&quot;size&quot;:10,&quot;sizes&quot;:[]},&quot;gap_mobile&quot;:{&quot;unit&quot;:&quot;px&quot;,&quot;size&quot;:10,&quot;sizes&quot;:[]},&quot;link_to&quot;:&quot;file&quot;,&quot;aspect_ratio&quot;:&quot;3:2&quot;,&quot;overlay_background&quot;:&quot;yes&quot;,&quot;content_hover_animation&quot;:&quot;fade-in&quot;}\" data-widget_type=\"gallery.default\">\n\t\t\t\t<div class=\"elementor-widget-container\">\n\t\t\t\t\t\t\t<div class=\"elementor-gallery__container\">\n\t\t\t\t\t\t\t<a class=\"e-gallery-item elementor-gallery-item elementor-animated-content\" href=\"https:\/\/skreienhavfiske.no\/wp-content\/uploads\/2020\/07\/Skjermbilde-2020-07-07-kl.-14.02.12.png\" data-elementor-open-lightbox=\"yes\" data-elementor-lightbox-slideshow=\"a498cc4\" data-elementor-lightbox-title=\"Skjermbilde 2020-07-07 kl. 14.02.12\" data-e-action-hash=\"#elementor-action%3Aaction%3Dlightbox%26settings%3DeyJpZCI6MzIwLCJ1cmwiOiJodHRwczpcL1wvc2tyZWllbmhhdmZpc2tlLm5vXC93cC1jb250ZW50XC91cGxvYWRzXC8yMDIwXC8wN1wvU2tqZXJtYmlsZGUtMjAyMC0wNy0wNy1rbC4tMTQuMDIuMTIucG5nIiwic2xpZGVzaG93IjoiYTQ5OGNjNCJ9\">\n\t\t\t\t\t<div class=\"e-gallery-image elementor-gallery-item__image\" data-thumbnail=\"https:\/\/skreienhavfiske.no\/wp-content\/uploads\/2020\/07\/Skjermbilde-2020-07-07-kl.-14.02.12-300x203.png\" data-width=\"300\" data-height=\"203\" aria-label=\"\" role=\"img\" ><\/div>\n\t\t\t\t\t\t\t\t\t\t\t<div class=\"elementor-gallery-item__overlay\"><\/div>\n\t\t\t\t\t\t\t\t\t\t\t\t\t\t<\/a>\n\t\t\t\t\t\t\t<a class=\"e-gallery-item elementor-gallery-item elementor-animated-content\" href=\"https:\/\/skreienhavfiske.no\/wp-content\/uploads\/2020\/07\/henning.jpg\" data-elementor-open-lightbox=\"yes\" data-elementor-lightbox-slideshow=\"a498cc4\" data-elementor-lightbox-title=\"henning\" data-e-action-hash=\"#elementor-action%3Aaction%3Dlightbox%26settings%3DeyJpZCI6MzI0LCJ1cmwiOiJodHRwczpcL1wvc2tyZWllbmhhdmZpc2tlLm5vXC93cC1jb250ZW50XC91cGxvYWRzXC8yMDIwXC8wN1wvaGVubmluZy5qcGciLCJzbGlkZXNob3ciOiJhNDk4Y2M0In0%3D\">\n\t\t\t\t\t<div class=\"e-gallery-image elementor-gallery-item__image\" data-thumbnail=\"https:\/\/skreienhavfiske.no\/wp-content\/uploads\/2020\/07\/henning-300x300.jpg\" data-width=\"300\" data-height=\"300\" aria-label=\"\" role=\"img\" ><\/div>\n\t\t\t\t\t\t\t\t\t\t\t<div class=\"elementor-gallery-item__overlay\"><\/div>\n\t\t\t\t\t\t\t\t\t\t\t\t\t\t<\/a>\n\t\t\t\t\t\t\t<a class=\"e-gallery-item elementor-gallery-item elementor-animated-content\" href=\"https:\/\/skreienhavfiske.no\/wp-content\/uploads\/2020\/07\/Skreien-i-Svolv\u00e6r-scaled.jpg\" data-elementor-open-lightbox=\"yes\" data-elementor-lightbox-slideshow=\"a498cc4\" data-elementor-lightbox-title=\"Skreien i Svolv\u00e6r\" data-elementor-lightbox-description=\"fiskesk\u00f8yta Skreien legger til kai i Svolv\u00e6r\" data-e-action-hash=\"#elementor-action%3Aaction%3Dlightbox%26settings%3DeyJpZCI6MzA3LCJ1cmwiOiJodHRwczpcL1wvc2tyZWllbmhhdmZpc2tlLm5vXC93cC1jb250ZW50XC91cGxvYWRzXC8yMDIwXC8wN1wvU2tyZWllbi1pLVN2b2x2XHUwMGU2ci1zY2FsZWQuanBnIiwic2xpZGVzaG93IjoiYTQ5OGNjNCJ9\">\n\t\t\t\t\t<div class=\"e-gallery-image elementor-gallery-item__image\" data-thumbnail=\"https:\/\/skreienhavfiske.no\/wp-content\/uploads\/2020\/07\/Skreien-i-Svolv\u00e6r-300x225.jpg\" data-width=\"300\" data-height=\"225\" aria-label=\"\" role=\"img\" ><\/div>\n\t\t\t\t\t\t\t\t\t\t\t<div class=\"elementor-gallery-item__overlay\"><\/div>\n\t\t\t\t\t\t\t\t\t\t\t\t\t\t<\/a>\n\t\t\t\t\t\t\t<a class=\"e-gallery-item elementor-gallery-item elementor-animated-content\" href=\"https:\/\/skreienhavfiske.no\/wp-content\/uploads\/2020\/07\/Skreien-ved-kai-SkrovaUSKARPT-scaled.jpg\" data-elementor-open-lightbox=\"yes\" data-elementor-lightbox-slideshow=\"a498cc4\" data-elementor-lightbox-title=\"MS Skreien\" data-elementor-lightbox-description=\"Fiskesk\u00f8yta Skreien ligger ved kai\" data-e-action-hash=\"#elementor-action%3Aaction%3Dlightbox%26settings%3DeyJpZCI6MzA5LCJ1cmwiOiJodHRwczpcL1wvc2tyZWllbmhhdmZpc2tlLm5vXC93cC1jb250ZW50XC91cGxvYWRzXC8yMDIwXC8wN1wvU2tyZWllbi12ZWQta2FpLVNrcm92YVVTS0FSUFQtc2NhbGVkLmpwZyIsInNsaWRlc2hvdyI6ImE0OThjYzQifQ%3D%3D\">\n\t\t\t\t\t<div class=\"e-gallery-image elementor-gallery-item__image\" data-thumbnail=\"https:\/\/skreienhavfiske.no\/wp-content\/uploads\/2020\/07\/Skreien-ved-kai-SkrovaUSKARPT-300x225.jpg\" data-width=\"300\" data-height=\"225\" aria-label=\"\" role=\"img\" ><\/div>\n\t\t\t\t\t\t\t\t\t\t\t<div class=\"elementor-gallery-item__overlay\"><\/div>\n\t\t\t\t\t\t\t\t\t\t\t\t\t\t<\/a>\n\t\t\t\t\t<\/div>\n\t\t\t\t\t<\/div>\n\t\t\t\t<\/div>\n\t\t\t\t<div class=\"elementor-element elementor-element-d114251 elementor-widget elementor-widget-text-editor\" data-id=\"d114251\" data-element_type=\"widget\" data-widget_type=\"text-editor.default\">\n\t\t\t\t<div class=\"elementor-widget-container\">\n\t\t\t\t\t\t\t\t\t<h4 style=\"font-style: normal; text-transform: none;\">Skreien Havfiske is a family-run company with father and son Leif and Henning Pettersen. They are locally known skippers who take guests out on the field to fish. Leif grew up in Skrova and has had his son Henning with him since he was little boy on boat trips and fishing both in Lofoten and along the coast of northern Norway.<\/h4><p style=\"font-size: 18px; font-style: normal; font-weight: 400;\">Cod fishing is our specialty in the winter. In the other seasons of spring, summer and autumn, it is more common to catch coastal cod, catfish, redfish, saithe and halibut to name a few.<\/p><p style=\"font-size: 18px; font-style: normal; font-weight: 400;\">Skreien is equipped with deep-sea fishing rods and fish farms adapted to the different seasons. We are also equipped with float \/ thermal suits in all sizes. Under good conditions we can fish with 10 rods at the same time, 5 rods on each side of the boat. This is regulated by the skipper and other crew on board.<\/p><p style=\"font-size: 18px; font-style: normal; font-weight: 400;\">Vi tilbyr fortrinnsvis tre-timers fisketurer, men hvis det er \u00f8nskelig \u00e5 leie b\u00e5ten for et lengre tidsintervall\/ heldagsturer s\u00e5 ordner vi selvsagt det.<\/p><p style=\"font-size: 18px; font-style: normal; font-weight: 400;\"><em><span style=\"font-size: 18px; font-weight: 400;\">We offer both coffee and a good story in the wheelhouse!<\/span><\/em><\/p>\t\t\t\t\t\t\t\t<\/div>\n\t\t\t\t<\/div>\n\t\t\t\t<div class=\"elementor-element elementor-element-14cffa3 elementor-widget elementor-widget-heading\" data-id=\"14cffa3\" data-element_type=\"widget\" data-widget_type=\"heading.default\">\n\t\t\t\t<div class=\"elementor-widget-container\">\n\t\t\t\t\t<h2 class=\"elementor-heading-title elementor-size-default\">History<\/h2>\t\t\t\t<\/div>\n\t\t\t\t<\/div>\n\t\t\t\t<div class=\"elementor-element elementor-element-2364839 elementor-widget elementor-widget-text-editor\" data-id=\"2364839\" data-element_type=\"widget\" data-widget_type=\"text-editor.default\">\n\t\t\t\t<div class=\"elementor-widget-container\">\n\t\t\t\t\t\t\t\t\t<h4>\u00a0In 1946, the boat Slettnes \/ Skreien was built for the lighthouse director (lighthouse service) on Bols\u00f8ya in Molde. The 50-foot-long ship was at that time in delivery of stone and equipment to Sletnes lighthouse on the Finnmark coast, and three years later the lighthouse was finally completed.<\/h4><p style=\"font-size: 18px; font-style: normal; font-weight: 400;\"><span style=\"font-size: 18px;\">The lighthouse service has since changed in 1979\/1980 engine, propeller system and new wheelhouse in the boat.<\/span><\/p><p style=\"font-size: 18px; font-style: normal; font-weight: 400;\"><span style=\"font-size: 18px;\">Today, the boat is called Skreien and has had several owners after the lighthouse service. Several different private individuals have used it in charter business. The boat as it appears today was made by owners down on the M\u00f8re coast.<\/span><\/p><p style=\"font-size: 18px; font-style: normal; font-weight: 400;\"><span style=\"font-size: 18px;\">The boat was for a short time on Fr\u00f8ya and Hitra before it came to Skrova \/ Lofoten in 2008. Skipper and owner Leif K\u00e5re Pettersen, together with his son Henning, have upgraded Skreien to have 30 guests on board for adventure and fishing trips.<\/span><\/p>\t\t\t\t\t\t\t\t<\/div>\n\t\t\t\t<\/div>\n\t\t\t\t\t<\/div>\n\t\t<\/div>\n\t\t\t\t\t<\/div>\n\t\t<\/section>\n\t\t\t\t<\/div>","protected":false},"excerpt":{"rendered":"<p>Om Skreien Havfiske Skreien Havfiske er et familiedrevet selskap med far og s\u00f8nn Leif og Henning Pettersen. De er lokalkjente skippere som tar gjester ut p\u00e5 feltet for \u00e5 fiske. Leif er oppvokst i Skrova og har hatt s\u00f8nnen Henning med siden han var liten p\u00e5 b\u00e5tturer og fiske b\u00e5de i Lofoten og langs kysten [&hellip;]<\/p>","protected":false},"author":1,"featured_media":0,"parent":0,"menu_order":0,"comment_status":"closed","ping_status":"closed","template":"","meta":{"site-sidebar-layout":"no-sidebar","site-content-layout":"page-builder","ast-site-content-layout":"","site-content-style":"default","site-sidebar-style":"default","ast-global-header-display":"","ast-banner-title-visibility":"","ast-main-header-display":"","ast-hfb-above-header-display":"","ast-hfb-below-header-display":"","ast-hfb-mobile-header-display":"","site-post-title":"disabled","ast-breadcrumbs-content":"","ast-featured-img":"disabled","footer-sml-layout":"","theme-transparent-header-meta":"default","adv-header-id-meta":"","stick-header-meta":"default","header-above-stick-meta":"","header-main-stick-meta":"","header-below-stick-meta":"","astra-migrate-meta-layouts":"default","ast-page-background-enabled":"default","ast-page-background-meta":{"desktop":{"background-color":"","background-image":"","background-repeat":"repeat","background-position":"center center","background-size":"auto","background-attachment":"scroll","background-type":"","background-media":"","overlay-type":"","overlay-color":"","overlay-opacity":"","overlay-gradient":""},"tablet":{"background-color":"","background-image":"","background-repeat":"repeat","background-position":"center center","background-size":"auto","background-attachment":"scroll","background-type":"","background-media":"","overlay-type":"","overlay-color":"","overlay-opacity":"","overlay-gradient":""},"mobile":{"background-color":"","background-image":"","background-repeat":"repeat","background-position":"center center","background-size":"auto","background-attachment":"scroll","background-type":"","background-media":"","overlay-type":"","overlay-color":"","overlay-opacity":"","overlay-gradient":""}},"ast-content-background-meta":{"desktop":{"background-color":"var(--ast-global-color-5)","background-image":"","background-repeat":"repeat","background-position":"center center","background-size":"auto","background-attachment":"scroll","background-type":"","background-media":"","overlay-type":"","overlay-color":"","overlay-opacity":"","overlay-gradient":""},"tablet":{"background-color":"var(--ast-global-color-5)","background-image":"","background-repeat":"repeat","background-position":"center center","background-size":"auto","background-attachment":"scroll","background-type":"","background-media":"","overlay-type":"","overlay-color":"","overlay-opacity":"","overlay-gradient":""},"mobile":{"background-color":"var(--ast-global-color-5)","background-image":"","background-repeat":"repeat","background-position":"center center","background-size":"auto","background-attachment":"scroll","background-type":"","background-media":"","overlay-type":"","overlay-color":"","overlay-opacity":"","overlay-gradient":""}},"footnotes":""},"class_list":["post-31","page","type-page","status-publish","hentry"],"_links":{"self":[{"href":"https:\/\/skreienhavfiske.no\/en\/wp-json\/wp\/v2\/pages\/31","targetHints":{"allow":["GET"]}}],"collection":[{"href":"https:\/\/skreienhavfiske.no\/en\/wp-json\/wp\/v2\/pages"}],"about":[{"href":"https:\/\/skreienhavfiske.no\/en\/wp-json\/wp\/v2\/types\/page"}],"author":[{"embeddable":true,"href":"https:\/\/skreienhavfiske.no\/en\/wp-json\/wp\/v2\/users\/1"}],"replies":[{"embeddable":true,"href":"https:\/\/skreienhavfiske.no\/en\/wp-json\/wp\/v2\/comments?post=31"}],"version-history":[{"count":5,"href":"https:\/\/skreienhavfiske.no\/en\/wp-json\/wp\/v2\/pages\/31\/revisions"}],"predecessor-version":[{"id":582,"href":"https:\/\/skreienhavfiske.no\/en\/wp-json\/wp\/v2\/pages\/31\/revisions\/582"}],"wp:attachment":[{"href":"https:\/\/skreienhavfiske.no\/en\/wp-json\/wp\/v2\/media?parent=31"}],"curies":[{"name":"wp","href":"https:\/\/api.w.org\/{rel}","templated":true}]}}