{"id":165,"date":"2020-06-25T22:31:26","date_gmt":"2020-06-25T20:31:26","guid":{"rendered":"https:\/\/skreien.lurt.no\/?page_id=165"},"modified":"2025-05-21T16:23:49","modified_gmt":"2025-05-21T14:23:49","slug":"private-turer","status":"publish","type":"page","link":"https:\/\/skreienhavfiske.no\/en\/private-turer\/","title":{"rendered":"Private tours"},"content":{"rendered":"<div data-elementor-type=\"wp-page\" data-elementor-id=\"165\" class=\"elementor elementor-165\" data-elementor-post-type=\"page\">\n\t\t\t\t\t\t<section class=\"elementor-section elementor-top-section elementor-element elementor-element-21b87ca elementor-section-boxed elementor-section-height-default elementor-section-height-default\" data-id=\"21b87ca\" data-element_type=\"section\">\n\t\t\t\t\t\t<div class=\"elementor-container elementor-column-gap-default\">\n\t\t\t\t\t<div class=\"elementor-column elementor-col-100 elementor-top-column elementor-element elementor-element-b76c66e\" data-id=\"b76c66e\" data-element_type=\"column\">\n\t\t\t<div class=\"elementor-widget-wrap elementor-element-populated\">\n\t\t\t\t\t\t<div class=\"elementor-element elementor-element-7f99add elementor-widget elementor-widget-heading\" data-id=\"7f99add\" data-element_type=\"widget\" data-widget_type=\"heading.default\">\n\t\t\t\t<div class=\"elementor-widget-container\">\n\t\t\t\t\t<h1 class=\"elementor-heading-title elementor-size-default\">Privat fisketur<\/h1>\t\t\t\t<\/div>\n\t\t\t\t<\/div>\n\t\t\t\t<div class=\"elementor-element elementor-element-ab10680 elementor-widget elementor-widget-text-editor\" data-id=\"ab10680\" data-element_type=\"widget\" data-widget_type=\"text-editor.default\">\n\t\t\t\t<div class=\"elementor-widget-container\">\n\t\t\t\t\t\t\t\t\t<p><span style=\"font-size: 18px;\">\u2013 When in Lofoten, &#8211; act like a fisherman! <\/span><\/p><h3><span style=\"font-size: 18px;\">En dag p\u00e5 Lofothavet er et must p\u00e5 bes\u00f8k i Lofoten, og fiskesk\u00f8yta Skreien byr p\u00e5 en tradisjonell fisketur med lokalkjent skipper og mannskap! <\/span><\/h3><p class=\"mb-7\">Vi anbefaler at fisketuren er minimum 3 timer, men vi tilbyr ogs\u00e5 heldagsturer, og tilpasser ellers tur etter \u00f8nske fra deg og ditt selskap.\u00a0<\/p><p><span style=\"font-size: 18px;\">MS Skreien er utstyrt med havfiskestenger og fiskebruk tilpasset de ulike \u00e5rstidene og vi har plass til 30 gjester. Vi har flyte\/varmedresser i alle st\u00f8rrelser, og kan fiske med 10 stenger samtidig, 5 stenger p\u00e5 hver side av b\u00e5ten.<\/span><\/p><p class=\"mb-7\">Skulle det v\u00e6re v\u00e6rforhold som gj\u00f8r fisketuren vanskelig \u00e5 gjennomf\u00f8re tilbyr vi \u00e5 vente p\u00e5 v\u00e6ret eller tilbyr en annen dato.<\/p><p>Det er 10 fiskeplasser om bord, og v\u00e5re gjester m\u00e5 derfor beregne \u00e5 dele fiskeplassen sin. Men det er ingen fare \u2013 du vil nok v\u00e6re godt forn\u00f8yd f\u00f8r vi srar opp fiskebruket og setter kursen mot havn.<\/p>\t\t\t\t\t\t\t\t<\/div>\n\t\t\t\t<\/div>\n\t\t\t\t\t<\/div>\n\t\t<\/div>\n\t\t\t\t\t<\/div>\n\t\t<\/section>\n\t\t\t\t<section class=\"elementor-section elementor-top-section elementor-element elementor-element-a5db2bf elementor-section-boxed elementor-section-height-default elementor-section-height-default\" data-id=\"a5db2bf\" data-element_type=\"section\">\n\t\t\t\t\t\t<div class=\"elementor-container elementor-column-gap-default\">\n\t\t\t\t\t<div class=\"elementor-column elementor-col-100 elementor-top-column elementor-element elementor-element-c1fabce\" data-id=\"c1fabce\" data-element_type=\"column\">\n\t\t\t<div class=\"elementor-widget-wrap elementor-element-populated\">\n\t\t\t\t\t\t<div class=\"elementor-element elementor-element-653900a elementor-widget elementor-widget-heading\" data-id=\"653900a\" data-element_type=\"widget\" data-widget_type=\"heading.default\">\n\t\t\t\t<div class=\"elementor-widget-container\">\n\t\t\t\t\t<h2 class=\"elementor-heading-title elementor-size-default\">For booking send email til: post@skreien-havfiske.no<\/h2>\t\t\t\t<\/div>\n\t\t\t\t<\/div>\n\t\t\t\t\t<\/div>\n\t\t<\/div>\n\t\t\t\t\t<\/div>\n\t\t<\/section>\n\t\t\t\t<section class=\"elementor-section elementor-top-section elementor-element elementor-element-86f4d9d elementor-section-boxed elementor-section-height-default elementor-section-height-default\" data-id=\"86f4d9d\" data-element_type=\"section\">\n\t\t\t\t\t\t<div class=\"elementor-container elementor-column-gap-default\">\n\t\t\t\t\t<div class=\"elementor-column elementor-col-100 elementor-top-column elementor-element elementor-element-6a5549a\" data-id=\"6a5549a\" data-element_type=\"column\">\n\t\t\t<div class=\"elementor-widget-wrap elementor-element-populated\">\n\t\t\t\t\t\t<div class=\"elementor-element elementor-element-1a20ea0 elementor-widget elementor-widget-image\" data-id=\"1a20ea0\" data-element_type=\"widget\" data-widget_type=\"image.default\">\n\t\t\t\t<div class=\"elementor-widget-container\">\n\t\t\t\t\t\t\t\t\t\t\t\t\t\t\t<img fetchpriority=\"high\" decoding=\"async\" width=\"1500\" height=\"1000\" src=\"https:\/\/skreienhavfiske.no\/wp-content\/uploads\/2020\/07\/MG_0909.jpg\" class=\"attachment-full size-full wp-image-352\" alt=\"\" srcset=\"https:\/\/skreienhavfiske.no\/wp-content\/uploads\/2020\/07\/MG_0909.jpg 1500w, https:\/\/skreienhavfiske.no\/wp-content\/uploads\/2020\/07\/MG_0909-300x200.jpg 300w, https:\/\/skreienhavfiske.no\/wp-content\/uploads\/2020\/07\/MG_0909-1024x683.jpg 1024w, https:\/\/skreienhavfiske.no\/wp-content\/uploads\/2020\/07\/MG_0909-768x512.jpg 768w, https:\/\/skreienhavfiske.no\/wp-content\/uploads\/2020\/07\/MG_0909-600x400.jpg 600w\" sizes=\"(max-width: 1500px) 100vw, 1500px\" \/>\t\t\t\t\t\t\t\t\t\t\t\t\t\t\t<\/div>\n\t\t\t\t<\/div>\n\t\t\t\t\t<\/div>\n\t\t<\/div>\n\t\t\t\t\t<\/div>\n\t\t<\/section>\n\t\t\t\t<section class=\"elementor-section elementor-top-section elementor-element elementor-element-1284fd0 elementor-section-boxed elementor-section-height-default elementor-section-height-default\" data-id=\"1284fd0\" data-element_type=\"section\">\n\t\t\t\t\t\t<div class=\"elementor-container elementor-column-gap-default\">\n\t\t\t\t\t<div class=\"elementor-column elementor-col-100 elementor-top-column elementor-element elementor-element-617899e\" data-id=\"617899e\" data-element_type=\"column\">\n\t\t\t<div class=\"elementor-widget-wrap\">\n\t\t\t\t\t\t\t<\/div>\n\t\t<\/div>\n\t\t\t\t\t<\/div>\n\t\t<\/section>\n\t\t\t\t<\/div>","protected":false},"excerpt":{"rendered":"<p>Privat fisketur \u2013 When in Lofoten, &#8211; act like a fisherman! En dag p\u00e5 Lofothavet er et must p\u00e5 bes\u00f8k i Lofoten, og fiskesk\u00f8yta Skreien byr p\u00e5 en tradisjonell fisketur med lokalkjent skipper og mannskap! Vi anbefaler at fisketuren er minimum 3 timer, men vi tilbyr ogs\u00e5 heldagsturer, og tilpasser ellers tur etter \u00f8nske fra [&hellip;]<\/p>","protected":false},"author":1,"featured_media":0,"parent":0,"menu_order":0,"comment_status":"closed","ping_status":"closed","template":"","meta":{"site-sidebar-layout":"no-sidebar","site-content-layout":"page-builder","ast-site-content-layout":"","site-content-style":"default","site-sidebar-style":"default","ast-global-header-display":"","ast-banner-title-visibility":"","ast-main-header-display":"","ast-hfb-above-header-display":"","ast-hfb-below-header-display":"","ast-hfb-mobile-header-display":"","site-post-title":"disabled","ast-breadcrumbs-content":"","ast-featured-img":"disabled","footer-sml-layout":"","theme-transparent-header-meta":"default","adv-header-id-meta":"","stick-header-meta":"default","header-above-stick-meta":"","header-main-stick-meta":"","header-below-stick-meta":"","astra-migrate-meta-layouts":"default","ast-page-background-enabled":"default","ast-page-background-meta":{"desktop":{"background-color":"","background-image":"","background-repeat":"repeat","background-position":"center center","background-size":"auto","background-attachment":"scroll","background-type":"","background-media":"","overlay-type":"","overlay-color":"","overlay-opacity":"","overlay-gradient":""},"tablet":{"background-color":"","background-image":"","background-repeat":"repeat","background-position":"center center","background-size":"auto","background-attachment":"scroll","background-type":"","background-media":"","overlay-type":"","overlay-color":"","overlay-opacity":"","overlay-gradient":""},"mobile":{"background-color":"","background-image":"","background-repeat":"repeat","background-position":"center center","background-size":"auto","background-attachment":"scroll","background-type":"","background-media":"","overlay-type":"","overlay-color":"","overlay-opacity":"","overlay-gradient":""}},"ast-content-background-meta":{"desktop":{"background-color":"var(--ast-global-color-5)","background-image":"","background-repeat":"repeat","background-position":"center center","background-size":"auto","background-attachment":"scroll","background-type":"","background-media":"","overlay-type":"","overlay-color":"","overlay-opacity":"","overlay-gradient":""},"tablet":{"background-color":"var(--ast-global-color-5)","background-image":"","background-repeat":"repeat","background-position":"center center","background-size":"auto","background-attachment":"scroll","background-type":"","background-media":"","overlay-type":"","overlay-color":"","overlay-opacity":"","overlay-gradient":""},"mobile":{"background-color":"var(--ast-global-color-5)","background-image":"","background-repeat":"repeat","background-position":"center center","background-size":"auto","background-attachment":"scroll","background-type":"","background-media":"","overlay-type":"","overlay-color":"","overlay-opacity":"","overlay-gradient":""}},"footnotes":""},"class_list":["post-165","page","type-page","status-publish","hentry"],"_links":{"self":[{"href":"https:\/\/skreienhavfiske.no\/en\/wp-json\/wp\/v2\/pages\/165","targetHints":{"allow":["GET"]}}],"collection":[{"href":"https:\/\/skreienhavfiske.no\/en\/wp-json\/wp\/v2\/pages"}],"about":[{"href":"https:\/\/skreienhavfiske.no\/en\/wp-json\/wp\/v2\/types\/page"}],"author":[{"embeddable":true,"href":"https:\/\/skreienhavfiske.no\/en\/wp-json\/wp\/v2\/users\/1"}],"replies":[{"embeddable":true,"href":"https:\/\/skreienhavfiske.no\/en\/wp-json\/wp\/v2\/comments?post=165"}],"version-history":[{"count":17,"href":"https:\/\/skreienhavfiske.no\/en\/wp-json\/wp\/v2\/pages\/165\/revisions"}],"predecessor-version":[{"id":2010,"href":"https:\/\/skreienhavfiske.no\/en\/wp-json\/wp\/v2\/pages\/165\/revisions\/2010"}],"wp:attachment":[{"href":"https:\/\/skreienhavfiske.no\/en\/wp-json\/wp\/v2\/media?parent=165"}],"curies":[{"name":"wp","href":"https:\/\/api.w.org\/{rel}","templated":true}]}}